{"id":642,"date":"2025-07-07T16:46:21","date_gmt":"2025-07-07T13:46:21","guid":{"rendered":"https:\/\/juusokokkonen.fi\/?page_id=642"},"modified":"2025-07-08T13:28:20","modified_gmt":"2025-07-08T10:28:20","slug":"blogi","status":"publish","type":"page","link":"https:\/\/juusokokkonen.fi\/index.php\/blogi\/","title":{"rendered":"Pirstaleita todellisuuden luonteesta"},"content":{"rendered":"\n<hr class=\"wp-block-separator has-alpha-channel-opacity\"\/>\n\n\n\n<figure class=\"wp-block-pullquote\"><blockquote><p>&#8221;Ryhdy kirjoittamaan ja kirjoita aina sama ajatus&#8221;<\/p><\/blockquote><\/figure>\n\n\n\n<h4 class=\"wp-block-heading has-text-align-center\">Uusimmat<\/h4>\n\n\n\n<div class=\"wp-block-query is-layout-flow wp-block-query-is-layout-flow\"><ul class=\"wp-block-post-template has-background has-light-gray-background-color is-layout-flow wp-block-post-template-is-layout-flow\"><li class=\"wp-block-post post-894 post type-post status-publish format-standard hentry category-esseet tag-filosofia tag-luonto tag-teknologia tag-yhteiskunta\">\n<h2 class=\"has-text-align-center wp-block-post-title\">Luonnon luonnottomuus<\/h2>\n\n<div class=\"has-text-align-center wp-block-post-date\"><time datetime=\"2026-04-02T17:34:54+03:00\">2.4.2026<\/time><\/div>\n\n<div class=\"has-text-align-center wp-block-post-excerpt\"><p class=\"wp-block-post-excerpt__excerpt\">Yksi aikamme suurista ep\u00e4johdonmukaisuuksista on luonnonsuojelijoiden vimmainen pyrkimys suojella luontoa. Keit\u00e4 te olette ja mit\u00e4 te tarkalleen ottaen suojelette? Suojeletteko te itse\u00e4nne, kun suojelette luontoa? Kuinka ihminen voi suojella jotain joka on ja jolle ei ole olemassa muuta? Yht\u00e4\u00e4ll\u00e4 te sanotte: ihminen on yht\u00e4 liito-oravan kanssa. Te hyveelliset antihumanistit, te el\u00e4m\u00e4n kielt\u00e4j\u00e4t: te sanotte, ett\u00e4<\/p><p class=\"wp-block-post-excerpt__more-text\"><a class=\"wp-block-post-excerpt__more-link\" href=\"https:\/\/juusokokkonen.fi\/index.php\/2026\/04\/02\/luonnon-luonnottomuus\/\">Lue koko kirjoitus<\/a><\/p><\/div>\n<\/li><li class=\"wp-block-post post-889 post type-post status-publish format-standard hentry category-mietteet tag-informaatio tag-teknologia\">\n<h2 class=\"has-text-align-center wp-block-post-title\">Kansanryhm\u00e4n kiihottaminen<\/h2>\n\n<div class=\"has-text-align-center wp-block-post-date\"><time datetime=\"2026-03-29T01:11:46+03:00\">29.3.2026<\/time><\/div>\n\n<div class=\"has-text-align-center wp-block-post-excerpt\"><p class=\"wp-block-post-excerpt__excerpt\">Polyrytmih\u00e4iri\u00f6.<\/p><p class=\"wp-block-post-excerpt__more-text\"><a class=\"wp-block-post-excerpt__more-link\" href=\"https:\/\/juusokokkonen.fi\/index.php\/2026\/03\/29\/kansanryhman-kiihottaminen\/\">Lue koko kirjoitus<\/a><\/p><\/div>\n<\/li><li class=\"wp-block-post post-886 post type-post status-publish format-standard hentry category-mietteet tag-asiantuntijat tag-informaatio tag-teknologia tag-tekoaly tag-yhteiskunta\">\n<h2 class=\"has-text-align-center wp-block-post-title\">Viimeisi\u00e4 sanoja<\/h2>\n\n<div class=\"has-text-align-center wp-block-post-date\"><time datetime=\"2026-03-24T21:30:43+03:00\">24.3.2026<\/time><\/div>\n\n<div class=\"has-text-align-center wp-block-post-excerpt\"><p class=\"wp-block-post-excerpt__excerpt\">Jos asiantuntijat puhuvat itsest\u00e4\u00e4n, kuka puhuu ja kenest\u00e4.<\/p><p class=\"wp-block-post-excerpt__more-text\"><a class=\"wp-block-post-excerpt__more-link\" href=\"https:\/\/juusokokkonen.fi\/index.php\/2026\/03\/24\/viimeisia-sanoja\/\">Lue koko kirjoitus<\/a><\/p><\/div>\n<\/li><li class=\"wp-block-post post-879 post type-post status-publish format-standard hentry category-esseet tag-camus tag-eskatologia tag-filosofia tag-kristinusko tag-platon tag-sokrates\">\n<h2 class=\"has-text-align-center wp-block-post-title\">Sokrates, siis Jeesus<\/h2>\n\n<div class=\"has-text-align-center wp-block-post-date\"><time datetime=\"2026-03-11T18:50:36+03:00\">11.3.2026<\/time><\/div>\n\n<div class=\"has-text-align-center wp-block-post-excerpt\"><p class=\"wp-block-post-excerpt__excerpt\">Sokrates paljastuu tyhj\u00e4ksi sieluksi, vaeltavaksi kuoreksi ilman essentiaa.<\/p><p class=\"wp-block-post-excerpt__more-text\"><a class=\"wp-block-post-excerpt__more-link\" href=\"https:\/\/juusokokkonen.fi\/index.php\/2026\/03\/11\/sokrates-siis-jeesus\/\">Lue koko kirjoitus<\/a><\/p><\/div>\n<\/li><li class=\"wp-block-post post-876 post type-post status-publish format-standard hentry category-esseet tag-demokratia tag-filosofia tag-politiikka tag-yhteiskunta\">\n<h2 class=\"has-text-align-center wp-block-post-title\">Vihollinen ei pukeudu Prideen<\/h2>\n\n<div class=\"has-text-align-center wp-block-post-date\"><time datetime=\"2026-03-08T20:57:44+03:00\">8.3.2026<\/time><\/div>\n\n<div class=\"has-text-align-center wp-block-post-excerpt\"><p class=\"wp-block-post-excerpt__excerpt\">L\u00e4htisitk\u00f6 sin\u00e4 v\u00e4kivalloin taistelemaan v\u00e4kivaltaa vastaan?<\/p><p class=\"wp-block-post-excerpt__more-text\"><a class=\"wp-block-post-excerpt__more-link\" href=\"https:\/\/juusokokkonen.fi\/index.php\/2026\/03\/08\/vihollinen-ei-pukeudu\/\">Lue koko kirjoitus<\/a><\/p><\/div>\n<\/li><\/ul>\n\n<nav class=\"wp-block-query-pagination is-layout-flex wp-block-query-pagination-is-layout-flex\" aria-label=\"Sivutus\">\n\n\n<div class=\"wp-block-query-pagination-numbers\"><span aria-current=\"page\" class=\"page-numbers current\">1<\/span>\n<a class=\"page-numbers\" href=\"?query-3-page=2\">2<\/a>\n<a class=\"page-numbers\" href=\"?query-3-page=3\">3<\/a>\n<span class=\"page-numbers dots\">&hellip;<\/span>\n<a class=\"page-numbers\" href=\"?query-3-page=27\">27<\/a><\/div>\n\n<a href=\"\/index.php\/wp-json\/wp\/v2\/pages\/642?query-3-page=2\" class=\"wp-block-query-pagination-next\">Seuraava sivu<\/a>\n<\/nav>\n\n<\/div>\n\n\n\n<hr class=\"wp-block-separator has-alpha-channel-opacity\"\/>\n\n\n<p class=\"aligncenter is-style-outline wp-block-tag-cloud\"><a href=\"https:\/\/juusokokkonen.fi\/index.php\/tag\/asiantuntijat\/\" class=\"tag-cloud-link tag-link-64 tag-link-position-1\" style=\"font-size: 8pt;\" aria-label=\"asiantuntijat (2 kohdetta)\">asiantuntijat<\/a>\n<a href=\"https:\/\/juusokokkonen.fi\/index.php\/tag\/data\/\" class=\"tag-cloud-link tag-link-18 tag-link-position-2\" style=\"font-size: 8pt;\" aria-label=\"data (2 kohdetta)\">data<\/a>\n<a href=\"https:\/\/juusokokkonen.fi\/index.php\/tag\/demokratia\/\" class=\"tag-cloud-link tag-link-25 tag-link-position-3\" style=\"font-size: 14.125pt;\" aria-label=\"demokratia (10 kohdetta)\">demokratia<\/a>\n<a href=\"https:\/\/juusokokkonen.fi\/index.php\/tag\/euroopan-unioni\/\" class=\"tag-cloud-link tag-link-13 tag-link-position-4\" style=\"font-size: 15.328125pt;\" aria-label=\"Euroopan unioni (13 kohdetta)\">Euroopan unioni<\/a>\n<a href=\"https:\/\/juusokokkonen.fi\/index.php\/tag\/filosofia\/\" class=\"tag-cloud-link tag-link-22 tag-link-position-5\" style=\"font-size: 17.84375pt;\" aria-label=\"filosofia (23 kohdetta)\">filosofia<\/a>\n<a href=\"https:\/\/juusokokkonen.fi\/index.php\/tag\/historia\/\" class=\"tag-cloud-link tag-link-38 tag-link-position-6\" style=\"font-size: 8pt;\" aria-label=\"historia (2 kohdetta)\">historia<\/a>\n<a href=\"https:\/\/juusokokkonen.fi\/index.php\/tag\/ihminen\/\" class=\"tag-cloud-link tag-link-40 tag-link-position-7\" style=\"font-size: 11.28125pt;\" aria-label=\"ihminen (5 kohdetta)\">ihminen<\/a>\n<a href=\"https:\/\/juusokokkonen.fi\/index.php\/tag\/informaatio\/\" class=\"tag-cloud-link tag-link-33 tag-link-position-8\" style=\"font-size: 18.71875pt;\" aria-label=\"informaatio (28 kohdetta)\">informaatio<\/a>\n<a href=\"https:\/\/juusokokkonen.fi\/index.php\/tag\/korporaatiot\/\" class=\"tag-cloud-link tag-link-16 tag-link-position-9\" style=\"font-size: 13.6875pt;\" aria-label=\"korporaatiot (9 kohdetta)\">korporaatiot<\/a>\n<a href=\"https:\/\/juusokokkonen.fi\/index.php\/tag\/media\/\" class=\"tag-cloud-link tag-link-30 tag-link-position-10\" style=\"font-size: 12.59375pt;\" aria-label=\"media (7 kohdetta)\">media<\/a>\n<a href=\"https:\/\/juusokokkonen.fi\/index.php\/tag\/mielenterveys\/\" class=\"tag-cloud-link tag-link-35 tag-link-position-11\" style=\"font-size: 10.40625pt;\" aria-label=\"mielenterveys (4 kohdetta)\">mielenterveys<\/a>\n<a href=\"https:\/\/juusokokkonen.fi\/index.php\/tag\/nato\/\" class=\"tag-cloud-link tag-link-9 tag-link-position-12\" style=\"font-size: 15.65625pt;\" aria-label=\"nato (14 kohdetta)\">nato<\/a>\n<a href=\"https:\/\/juusokokkonen.fi\/index.php\/tag\/perhe\/\" class=\"tag-cloud-link tag-link-21 tag-link-position-13\" style=\"font-size: 8pt;\" aria-label=\"perhe (2 kohdetta)\">perhe<\/a>\n<a href=\"https:\/\/juusokokkonen.fi\/index.php\/tag\/politiikka\/\" class=\"tag-cloud-link tag-link-8 tag-link-position-14\" style=\"font-size: 21.5625pt;\" aria-label=\"politiikka (52 kohdetta)\">politiikka<\/a>\n<a href=\"https:\/\/juusokokkonen.fi\/index.php\/tag\/sota\/\" class=\"tag-cloud-link tag-link-24 tag-link-position-15\" style=\"font-size: 18.71875pt;\" aria-label=\"sota (28 kohdetta)\">sota<\/a>\n<a href=\"https:\/\/juusokokkonen.fi\/index.php\/tag\/teknologia\/\" class=\"tag-cloud-link tag-link-32 tag-link-position-16\" style=\"font-size: 15.65625pt;\" aria-label=\"teknologia (14 kohdetta)\">teknologia<\/a>\n<a href=\"https:\/\/juusokokkonen.fi\/index.php\/tag\/tekoaly\/\" class=\"tag-cloud-link tag-link-57 tag-link-position-17\" style=\"font-size: 8pt;\" aria-label=\"teko\u00e4ly (2 kohdetta)\">teko\u00e4ly<\/a>\n<a href=\"https:\/\/juusokokkonen.fi\/index.php\/tag\/tieto\/\" class=\"tag-cloud-link tag-link-15 tag-link-position-18\" style=\"font-size: 12.046875pt;\" aria-label=\"tieto (6 kohdetta)\">tieto<\/a>\n<a href=\"https:\/\/juusokokkonen.fi\/index.php\/tag\/turvallisuus\/\" class=\"tag-cloud-link tag-link-10 tag-link-position-19\" style=\"font-size: 9.3125pt;\" aria-label=\"turvallisuus (3 kohdetta)\">turvallisuus<\/a>\n<a href=\"https:\/\/juusokokkonen.fi\/index.php\/tag\/tyo\/\" class=\"tag-cloud-link tag-link-23 tag-link-position-20\" style=\"font-size: 12.046875pt;\" aria-label=\"ty\u00f6 (6 kohdetta)\">ty\u00f6<\/a>\n<a href=\"https:\/\/juusokokkonen.fi\/index.php\/tag\/urheilu\/\" class=\"tag-cloud-link tag-link-42 tag-link-position-21\" style=\"font-size: 9.3125pt;\" aria-label=\"urheilu (3 kohdetta)\">urheilu<\/a>\n<a href=\"https:\/\/juusokokkonen.fi\/index.php\/tag\/vanhemmuus\/\" class=\"tag-cloud-link tag-link-20 tag-link-position-22\" style=\"font-size: 8pt;\" aria-label=\"vanhemmuus (2 kohdetta)\">vanhemmuus<\/a>\n<a href=\"https:\/\/juusokokkonen.fi\/index.php\/tag\/venaja\/\" class=\"tag-cloud-link tag-link-53 tag-link-position-23\" style=\"font-size: 8pt;\" aria-label=\"Ven\u00e4j\u00e4 (2 kohdetta)\">Ven\u00e4j\u00e4<\/a>\n<a href=\"https:\/\/juusokokkonen.fi\/index.php\/tag\/yhdysvallat\/\" class=\"tag-cloud-link tag-link-49 tag-link-position-24\" style=\"font-size: 10.40625pt;\" aria-label=\"Yhdysvallat (4 kohdetta)\">Yhdysvallat<\/a>\n<a href=\"https:\/\/juusokokkonen.fi\/index.php\/tag\/yhteiskunta\/\" class=\"tag-cloud-link tag-link-11 tag-link-position-25\" style=\"font-size: 22pt;\" aria-label=\"yhteiskunta (56 kohdetta)\">yhteiskunta<\/a><\/p>\n\n\n<hr class=\"wp-block-separator has-alpha-channel-opacity\"\/>\n\n\n\n<h4 class=\"wp-block-heading has-text-align-center\">Esseet<\/h4>\n\n\n\n<div class=\"wp-block-query is-layout-flow wp-block-query-is-layout-flow\"><ul class=\"wp-block-post-template has-background has-light-gray-background-color is-layout-flow wp-block-post-template-is-layout-flow\"><li class=\"wp-block-post post-894 post type-post status-publish format-standard hentry category-esseet tag-filosofia tag-luonto tag-teknologia tag-yhteiskunta\">\n<h2 class=\"has-text-align-center wp-block-post-title\">Luonnon luonnottomuus<\/h2>\n\n<div class=\"has-text-align-center wp-block-post-date\"><time datetime=\"2026-04-02T17:34:54+03:00\">2.4.2026<\/time><\/div>\n\n<div class=\"has-text-align-center wp-block-post-excerpt\"><p class=\"wp-block-post-excerpt__excerpt\">Yksi aikamme suurista ep\u00e4johdonmukaisuuksista on luonnonsuojelijoiden vimmainen pyrkimys suojella luontoa. Keit\u00e4 te olette ja mit\u00e4 te tarkalleen ottaen suojelette? Suojeletteko te itse\u00e4nne, kun suojelette luontoa? Kuinka ihminen voi suojella jotain joka on ja jolle ei ole olemassa muuta? Yht\u00e4\u00e4ll\u00e4 te sanotte: ihminen on yht\u00e4 liito-oravan kanssa. Te hyveelliset antihumanistit, te el\u00e4m\u00e4n kielt\u00e4j\u00e4t: te sanotte, ett\u00e4<\/p><p class=\"wp-block-post-excerpt__more-text\"><a class=\"wp-block-post-excerpt__more-link\" href=\"https:\/\/juusokokkonen.fi\/index.php\/2026\/04\/02\/luonnon-luonnottomuus\/\">Lue koko kirjoitus<\/a><\/p><\/div>\n<\/li><li class=\"wp-block-post post-879 post type-post status-publish format-standard hentry category-esseet tag-camus tag-eskatologia tag-filosofia tag-kristinusko tag-platon tag-sokrates\">\n<h2 class=\"has-text-align-center wp-block-post-title\">Sokrates, siis Jeesus<\/h2>\n\n<div class=\"has-text-align-center wp-block-post-date\"><time datetime=\"2026-03-11T18:50:36+03:00\">11.3.2026<\/time><\/div>\n\n<div class=\"has-text-align-center wp-block-post-excerpt\"><p class=\"wp-block-post-excerpt__excerpt\">Sokrates paljastuu tyhj\u00e4ksi sieluksi, vaeltavaksi kuoreksi ilman essentiaa.<\/p><p class=\"wp-block-post-excerpt__more-text\"><a class=\"wp-block-post-excerpt__more-link\" href=\"https:\/\/juusokokkonen.fi\/index.php\/2026\/03\/11\/sokrates-siis-jeesus\/\">Lue koko kirjoitus<\/a><\/p><\/div>\n<\/li><li class=\"wp-block-post post-876 post type-post status-publish format-standard hentry category-esseet tag-demokratia tag-filosofia tag-politiikka tag-yhteiskunta\">\n<h2 class=\"has-text-align-center wp-block-post-title\">Vihollinen ei pukeudu Prideen<\/h2>\n\n<div class=\"has-text-align-center wp-block-post-date\"><time datetime=\"2026-03-08T20:57:44+03:00\">8.3.2026<\/time><\/div>\n\n<div class=\"has-text-align-center wp-block-post-excerpt\"><p class=\"wp-block-post-excerpt__excerpt\">L\u00e4htisitk\u00f6 sin\u00e4 v\u00e4kivalloin taistelemaan v\u00e4kivaltaa vastaan?<\/p><p class=\"wp-block-post-excerpt__more-text\"><a class=\"wp-block-post-excerpt__more-link\" href=\"https:\/\/juusokokkonen.fi\/index.php\/2026\/03\/08\/vihollinen-ei-pukeudu\/\">Lue koko kirjoitus<\/a><\/p><\/div>\n<\/li><li class=\"wp-block-post post-872 post type-post status-publish format-standard hentry category-esseet tag-asiantuntijat tag-informaatio tag-teknologia tag-tyo tag-yhteiskunta\">\n<h2 class=\"has-text-align-center wp-block-post-title\">H\u00e4n joka tunnustelee esineit\u00e4<\/h2>\n\n<div class=\"has-text-align-center wp-block-post-date\"><time datetime=\"2026-02-24T00:04:50+03:00\">24.2.2026<\/time><\/div>\n\n<div class=\"has-text-align-center wp-block-post-excerpt\"><p class=\"wp-block-post-excerpt__excerpt\">Jos p\u00e4\u00e4 katoaa sumuun, on kuivattava huoneilma.<\/p><p class=\"wp-block-post-excerpt__more-text\"><a class=\"wp-block-post-excerpt__more-link\" href=\"https:\/\/juusokokkonen.fi\/index.php\/2026\/02\/24\/han-joka-tunnustelee-esineita\/\">Lue koko kirjoitus<\/a><\/p><\/div>\n<\/li><li class=\"wp-block-post post-830 post type-post status-publish format-standard hentry category-esseet tag-informaatio tag-teknologia tag-yhteiskunta\">\n<h2 class=\"has-text-align-center wp-block-post-title\">Ty\u00f6, el\u00e4m\u00e4, tutkimus<\/h2>\n\n<div class=\"has-text-align-center wp-block-post-date\"><time datetime=\"2025-10-18T20:45:45+03:00\">18.10.2025<\/time><\/div>\n\n<div class=\"has-text-align-center wp-block-post-excerpt\"><p class=\"wp-block-post-excerpt__excerpt\">Ja toisin p\u00e4in.<\/p><p class=\"wp-block-post-excerpt__more-text\"><a class=\"wp-block-post-excerpt__more-link\" href=\"https:\/\/juusokokkonen.fi\/index.php\/2025\/10\/18\/tyo-elama-tutkimus\/\">Lue koko kirjoitus<\/a><\/p><\/div>\n<\/li><\/ul>\n\n<nav class=\"wp-block-query-pagination is-layout-flex wp-block-query-pagination-is-layout-flex\" aria-label=\"Sivutus\">\n\n\n<div class=\"wp-block-query-pagination-numbers\"><span aria-current=\"page\" class=\"page-numbers current\">1<\/span>\n<a class=\"page-numbers\" href=\"?query-57-page=2\">2<\/a>\n<a class=\"page-numbers\" href=\"?query-57-page=3\">3<\/a>\n<span class=\"page-numbers dots\">&hellip;<\/span>\n<a class=\"page-numbers\" href=\"?query-57-page=7\">7<\/a><\/div>\n\n<a href=\"\/index.php\/wp-json\/wp\/v2\/pages\/642?query-57-page=2\" class=\"wp-block-query-pagination-next\">Seuraava sivu<\/a>\n<\/nav><\/div>\n\n\n\n<hr class=\"wp-block-separator has-alpha-channel-opacity\"\/>\n\n\n\n<h4 class=\"wp-block-heading has-text-align-center\">Artikkelit<\/h4>\n\n\n\n<div class=\"wp-block-query is-layout-flow wp-block-query-is-layout-flow\"><ul class=\"wp-block-post-template has-background has-light-gray-background-color is-layout-flow wp-block-post-template-is-layout-flow\"><li class=\"wp-block-post post-845 post type-post status-publish format-standard has-post-thumbnail hentry category-artikkelit tag-carl-schmitt tag-filosofia tag-jalkapallo tag-johan-huizinga tag-politiikka tag-urheilu\">\n<h2 class=\"has-text-align-center wp-block-post-title\">Pro graduni: Jalkapallopeli konfliktina<\/h2>\n\n<div class=\"has-text-align-center wp-block-post-date\"><time datetime=\"2026-01-07T13:39:01+03:00\">7.1.2026<\/time><\/div>\n\n<div class=\"has-text-align-center wp-block-post-excerpt\"><p class=\"wp-block-post-excerpt__excerpt\">K\u00e4sitteellist\u00e4m\u00e4ll\u00e4 jalkapallopeli\u00e4 poliittisen filosofian keinoin auttaa n\u00e4kem\u00e4\u00e4n sek\u00e4 ihmisen ja ihmisyhteis\u00f6jen poliittista olemusta sek\u00e4 huippu-urheilun maailmaa uudella tavalla.<\/p><p class=\"wp-block-post-excerpt__more-text\"><a class=\"wp-block-post-excerpt__more-link\" href=\"https:\/\/juusokokkonen.fi\/index.php\/2026\/01\/07\/pro-graduni-jalkapallopeli-konfliktina\/\">Lue koko teksti<\/a><\/p><\/div>\n<\/li><li class=\"wp-block-post post-790 post type-post status-publish format-standard hentry category-artikkelit tag-filosofia tag-historia tag-politiikka tag-sota\">\n<h2 class=\"has-text-align-center wp-block-post-title\">Mit\u00e4 sanoi Machiavelli?<\/h2>\n\n<div class=\"has-text-align-center wp-block-post-date\"><time datetime=\"2025-08-10T22:10:08+03:00\">10.8.2025<\/time><\/div>\n\n<div class=\"has-text-align-center wp-block-post-excerpt\"><p class=\"wp-block-post-excerpt__excerpt\">H\u00e4tik\u00f6iv\u00e4n on aina teht\u00e4v\u00e4 jotain.<\/p><p class=\"wp-block-post-excerpt__more-text\"><a class=\"wp-block-post-excerpt__more-link\" href=\"https:\/\/juusokokkonen.fi\/index.php\/2025\/08\/10\/mita-sanoi-machiavelli\/\">Lue koko teksti<\/a><\/p><\/div>\n<\/li><li class=\"wp-block-post post-494 post type-post status-publish format-standard has-post-thumbnail hentry category-artikkelit tag-demokratia tag-kirja tag-politiikka tag-yhdysvallat tag-yhteiskunta\">\n<h2 class=\"has-text-align-center wp-block-post-title\">Kirja-arvio: Peter Turchin \u2013 Lopun ajat<\/h2>\n\n<div class=\"has-text-align-center wp-block-post-date\"><time datetime=\"2025-01-05T17:58:03+03:00\">5.1.2025<\/time><\/div>\n\n<div class=\"has-text-align-center wp-block-post-excerpt\"><p class=\"wp-block-post-excerpt__excerpt\">&#8221;Kansalaiset&#8221; eiv\u00e4t kaada valtioita, esitt\u00e4\u00e4 Peter Turchin.<\/p><p class=\"wp-block-post-excerpt__more-text\"><a class=\"wp-block-post-excerpt__more-link\" href=\"https:\/\/juusokokkonen.fi\/index.php\/2025\/01\/05\/kirja-arvio-peter-turchin-lopun-ajat\/\">Lue koko teksti<\/a><\/p><\/div>\n<\/li><li class=\"wp-block-post post-248 post type-post status-publish format-standard hentry category-artikkelit tag-filosofia tag-koronapandemia tag-teknologia tag-yhteiskunta\">\n<h2 class=\"has-text-align-center wp-block-post-title\">Ihminen, tartunta, tyhji\u00f6 \u2013 Agamben ja Baudrillard<\/h2>\n\n<div class=\"has-text-align-center wp-block-post-date\"><time datetime=\"2024-03-26T11:58:01+03:00\">26.3.2024<\/time><\/div>\n\n<div class=\"has-text-align-center wp-block-post-excerpt\"><p class=\"wp-block-post-excerpt__excerpt\">Joskus oli jotain, aika kultaa muistot, nyt minulla alkaa Teams-kokous.<\/p><p class=\"wp-block-post-excerpt__more-text\"><a class=\"wp-block-post-excerpt__more-link\" href=\"https:\/\/juusokokkonen.fi\/index.php\/2024\/03\/26\/ihminen-tartunta-tyhjio-agamben-ja-baudrillard\/\">Lue koko teksti<\/a><\/p><\/div>\n<\/li><li class=\"wp-block-post post-87 post type-post status-publish format-standard hentry category-artikkelit tag-data tag-digitalisaatio tag-euroopan-unioni tag-politiikka\">\n<h2 class=\"has-text-align-center wp-block-post-title\">EU:n digitaalinen identiteettilompakko \u2013 Uudenlainen infrastruktuuri tiell\u00e4 kohti &#8221;datavaltiota&#8221;?<\/h2>\n\n<div class=\"has-text-align-center wp-block-post-date\"><time datetime=\"2024-01-13T11:54:05+03:00\">13.1.2024<\/time><\/div>\n\n<div class=\"has-text-align-center wp-block-post-excerpt\"><p class=\"wp-block-post-excerpt__excerpt\">Tie on kovin n\u00e4ytt\u00e4v\u00e4sti auki kohti yh\u00e4 syvenev\u00e4\u00e4 ja lis\u00e4\u00e4ntyv\u00e4\u00e4 datan ker\u00e4\u00e4mist\u00e4 ja sen hy\u00f6dynt\u00e4mist\u00e4.<\/p><p class=\"wp-block-post-excerpt__more-text\"><a class=\"wp-block-post-excerpt__more-link\" href=\"https:\/\/juusokokkonen.fi\/index.php\/2024\/01\/13\/eun-digitaalinen-identiteettilompakko-uudenlainen-infrastruktuuri-tiella-kohti-datavaltiota\/\">Lue koko teksti<\/a><\/p><\/div>\n<\/li><\/ul>\n\n\n\n<\/div>\n","protected":false},"excerpt":{"rendered":"<p>&#8221;Ryhdy kirjoittamaan ja kirjoita aina sama ajatus&#8221; Uusimmat Esseet Artikkelit<\/p>\n","protected":false},"author":2,"featured_media":0,"parent":0,"menu_order":0,"comment_status":"closed","ping_status":"closed","template":"","meta":{"footnotes":""},"class_list":["post-642","page","type-page","status-publish","hentry"],"_links":{"self":[{"href":"https:\/\/juusokokkonen.fi\/index.php\/wp-json\/wp\/v2\/pages\/642","targetHints":{"allow":["GET"]}}],"collection":[{"href":"https:\/\/juusokokkonen.fi\/index.php\/wp-json\/wp\/v2\/pages"}],"about":[{"href":"https:\/\/juusokokkonen.fi\/index.php\/wp-json\/wp\/v2\/types\/page"}],"author":[{"embeddable":true,"href":"https:\/\/juusokokkonen.fi\/index.php\/wp-json\/wp\/v2\/users\/2"}],"replies":[{"embeddable":true,"href":"https:\/\/juusokokkonen.fi\/index.php\/wp-json\/wp\/v2\/comments?post=642"}],"version-history":[{"count":25,"href":"https:\/\/juusokokkonen.fi\/index.php\/wp-json\/wp\/v2\/pages\/642\/revisions"}],"predecessor-version":[{"id":752,"href":"https:\/\/juusokokkonen.fi\/index.php\/wp-json\/wp\/v2\/pages\/642\/revisions\/752"}],"wp:attachment":[{"href":"https:\/\/juusokokkonen.fi\/index.php\/wp-json\/wp\/v2\/media?parent=642"}],"curies":[{"name":"wp","href":"https:\/\/api.w.org\/{rel}","templated":true}]}}