{"id":688,"date":"2025-07-07T19:08:16","date_gmt":"2025-07-07T16:08:16","guid":{"rendered":"https:\/\/juusokokkonen.fi\/?page_id=688"},"modified":"2026-01-07T14:11:06","modified_gmt":"2026-01-07T11:11:06","slug":"julkaisuja","status":"publish","type":"page","link":"https:\/\/juusokokkonen.fi\/index.php\/julkaisuja\/","title":{"rendered":"Julkaisuja"},"content":{"rendered":"\n<h4 class=\"wp-block-heading\">Muualla julkaistuja artikkeleita, kolumneja ym. kirjoituksia:<\/h4>\n\n\n\n<hr class=\"wp-block-separator has-alpha-channel-opacity\"\/>\n\n\n\n<p>J\u00e4\u00e4kiekko- ja urheiluaiheisia tekstej\u00e4 julkaisen <a href=\"https:\/\/kuollutkulma.fi\">Kuollut kulma -blogissa<\/a>.<\/p>\n\n\n\n<hr class=\"wp-block-separator has-alpha-channel-opacity\"\/>\n\n\n\n<h6 class=\"wp-block-heading\">Podcasteja<\/h6>\n\n\n\n<ul class=\"wp-block-list\">\n<li>Vierailu Jokerit-aiheisessa Narriradio-podcastissa (2021): <a href=\"https:\/\/open.spotify.com\/episode\/5wkkUXOuBX4vv1Ozsz5dVK?si=8fe7a52949804394\">https:\/\/open.spotify.com\/episode\/5wkkUXOuBX4vv1Ozsz5dVK?si=8fe7a52949804394<\/a><\/li>\n\n\n\n<li>Keskustelua ja debatointia Meid\u00e4n pelist\u00e4 Petteri Sihvosen kanssa (2022): <a href=\"https:\/\/open.spotify.com\/episode\/3pQBwGMjwooQ5x57cgMQKd?si=7edcd874505a4dbc\">https:\/\/open.spotify.com\/episode\/3pQBwGMjwooQ5x57cgMQKd?si=7edcd874505a4dbc<\/a><\/li>\n\n\n\n<li>Vierailu Narriradiossa (2025):<\/li>\n<\/ul>\n\n\n\n<figure class=\"wp-block-embed is-type-video is-provider-youtube wp-block-embed-youtube wp-embed-aspect-16-9 wp-has-aspect-ratio\"><div class=\"wp-block-embed__wrapper\">\n<iframe loading=\"lazy\" title=\"Narriradio #86 J\u00e4\u00e4kiekon filosofiaa\" width=\"840\" height=\"473\" src=\"https:\/\/www.youtube.com\/embed\/i1nVw-y5Rj8?feature=oembed\" frameborder=\"0\" allow=\"accelerometer; autoplay; clipboard-write; encrypted-media; gyroscope; picture-in-picture; web-share\" referrerpolicy=\"strict-origin-when-cross-origin\" allowfullscreen><\/iframe>\n<\/div><\/figure>\n\n\n\n<h6 class=\"wp-block-heading\">Liikunta &amp; Tiede<\/h6>\n\n\n\n<ul class=\"wp-block-list\">\n<li>Opiskelija ounastelee (2025): <a href=\"https:\/\/juusokokkonen.fi\/wp-content\/uploads\/2025\/07\/IMG_1976-scaled.jpg\" data-type=\"link\" data-id=\"https:\/\/juusokokkonen.fi\/wp-content\/uploads\/2025\/07\/IMG_1976-scaled.jpg\">Kuntosali ja teko\u00e4ly puhtaiden p\u00e4\u00e4m\u00e4\u00e4rien maailmassa<\/a><\/li>\n\n\n\n<li>Artikkeli valmentamisen filosofiasta (2025): <a href=\"https:\/\/juusokokkonen.fi\/wp-content\/uploads\/2025\/07\/IMG_1973-scaled.jpg\" data-type=\"link\" data-id=\"https:\/\/juusokokkonen.fi\/wp-content\/uploads\/2025\/07\/IMG_1973-scaled.jpg\">Protego ergo obligo \u2013 valmentaja suvereenina<\/a><\/li>\n<\/ul>\n\n\n\n<hr class=\"wp-block-separator has-alpha-channel-opacity\"\/>\n\n\n\n<h6 class=\"wp-block-heading\">Jylkk\u00e4ri<\/h6>\n\n\n\n<ul class=\"wp-block-list\">\n<li>Kolumni Martti J. Karin muistoluennosta ja yliopistoa hallitsevista voimista (2025): <a href=\"https:\/\/www.jylkkari.fi\/2025\/01\/kolumni-martti-j-karin-ymparille-syntyi-ilmio-ja-se-kertoo-paljon-ajastamme\/\" data-type=\"link\" data-id=\"https:\/\/www.jylkkari.fi\/2025\/01\/kolumni-martti-j-karin-ymparille-syntyi-ilmio-ja-se-kertoo-paljon-ajastamme\/\">Martti J. Karin ymp\u00e4rille syntyi ilmi\u00f6 ja se kertoo paljon ajastamme<\/a><\/li>\n<\/ul>\n\n\n\n<hr class=\"wp-block-separator has-alpha-channel-opacity\"\/>\n\n\n\n<h6 class=\"wp-block-heading\">Warkauden Lehti:<\/h6>\n\n\n\n<ul class=\"wp-block-list\">\n<li>Kolumni musiikista ja sen lumoavuudesta (2025): <a href=\"https:\/\/juusokokkonen.fi\/wp-content\/uploads\/2025\/07\/PHOTO-2025-07-12-11-39-02.jpg\" data-type=\"link\" data-id=\"https:\/\/juusokokkonen.fi\/wp-content\/uploads\/2025\/07\/PHOTO-2025-07-12-11-39-02.jpg\">Rytmin ja harmonian eripura vet\u00e4\u00e4 mukaansa<\/a><\/li>\n\n\n\n<li>Kolumni Jonathan Haidtin kirjan innoittamana (2024): <a href=\"https:\/\/juusokokkonen.fi\/wp-content\/uploads\/2025\/07\/02_Warkauden-Lehti_20240725.pdf\" data-type=\"link\" data-id=\"https:\/\/juusokokkonen.fi\/wp-content\/uploads\/2025\/07\/02_Warkauden-Lehti_20240725.pdf\">Ahdistunut sukupolvi vai ahdistunut kulttuuri?<\/a> <\/li>\n\n\n\n<li>Kolumni olemisesta, suuruudesta ja pienuudesta (2024): <a href=\"https:\/\/juusokokkonen.fi\/wp-content\/uploads\/2025\/07\/02_Warkauden-Lehti_20240706.pdf\">Maailman tori k\u00e4skee kurottamaan ja hylk\u00e4\u00e4m\u00e4\u00e4n<\/a><\/li>\n\n\n\n<li>Kolumni hyvinvointialueiden &#8221;et\u00e4hoivak\u00e4ynneist\u00e4&#8221; (2024): <a href=\"https:\/\/juusokokkonen.fi\/wp-content\/uploads\/2025\/07\/02_Warkauden-Lehti_20240822.pdf\">Et\u00e4hoivak\u00e4ynnill\u00e4 ei yhdellek\u00e4\u00e4n ovelle koputeta eik\u00e4 yht\u00e4\u00e4n kynnyst\u00e4 ylitet\u00e4<\/a><\/li>\n\n\n\n<li>Haastattelu maailmanpolitiikasta Viron Suomen suurl\u00e4hettil\u00e4s Sven Sakkovin kanssa (2024): <a href=\"https:\/\/juusokokkonen.fi\/wp-content\/uploads\/2025\/07\/03_Warkauden-Lehti_20240608.pdf\">Suomi ja Viro jakavat samoja huolia<\/a><\/li>\n\n\n\n<li>Reportaasi yhdest\u00e4 Suomen viimeisist\u00e4 kauppa-autoista, Matti Sallisen kauppa-autosta (2024): <a href=\"https:\/\/juusokokkonen.fi\/wp-content\/uploads\/2025\/07\/08_Warkauden-Lehti_20240627.pdf\">Ajan voima n\u00e4kyy \u2013 Kauppa-auto on harvinaisuus<\/a><\/li>\n<\/ul>\n\n\n\n<hr class=\"wp-block-separator has-alpha-channel-opacity\"\/>\n\n\n\n<h6 class=\"wp-block-heading\">Eliteprospects Rinkside Suomi<\/h6>\n\n\n\n<ul class=\"wp-block-list\">\n<li>Joukkueanalyysi (2021): <a href=\"https:\/\/fi.eprinkside.com\/2021\/09\/23\/marko-virtasen-lukko-on-pekka-virta-mosaiikki-joka-yrittaa-toistaa-mennytta-aikaa\" data-type=\"link\" data-id=\"https:\/\/fi.eprinkside.com\/2021\/09\/23\/marko-virtasen-lukko-on-pekka-virta-mosaiikki-joka-yrittaa-toistaa-mennytta-aikaa\">Marko Virtasen Lukko on Pekka Virta -mosaiikki, joka yritt\u00e4\u00e4 toistaa mennytt\u00e4 aikaa<\/a><\/li>\n\n\n\n<li>Kolumni huippu-urheilun &#8221;ty\u00f6paikkakiusaamisesta&#8221; (2021): <a href=\"https:\/\/fi.eprinkside.com\/2021\/09\/28\/lauri-korpikosken-tapaus-osoittaa-etta-tyopaikkakiusaaminen-on-osa-huippu-urheilun-luonnetta\">Lauri Korpikosken tapaus osoittaa, ett\u00e4 ty\u00f6paikkakiusaaminen on osa huippu-urheilun luonnetta<\/a><\/li>\n\n\n\n<li>Kolumni urheilun ja liiketoiminnan suhteesta (2021): <a href=\"https:\/\/fi.eprinkside.com\/2021\/08\/26\/liigan-tuore-strategia-on-mitaansanomatonta-konsulttipuhetta-ja-se-kertoo-sarjan-suunnasta-paljon\">Liigan tuore strategia on mit\u00e4\u00e4nsanomatonta konsulttipuhetta \u2013 ja se kertoo sarjan suunnasta paljon<\/a><\/li>\n<\/ul>\n\n\n\n<hr class=\"wp-block-separator has-alpha-channel-opacity\"\/>\n\n\n\n<h6 class=\"wp-block-heading\">ELMO-lehti:<\/h6>\n\n\n\n<ul class=\"wp-block-list\">\n<li>Artikkeli E-urheilun ja urheilun suhteesta (2020): <a href=\"https:\/\/juusokokkonen.fi\/wp-content\/uploads\/2025\/07\/IMG_1971.HEIC_compressed.pdf\" data-type=\"link\" data-id=\"https:\/\/juusokokkonen.fi\/wp-content\/uploads\/2025\/07\/IMG_1971.HEIC_compressed.pdf\">Urheilun ilmastonmuutos<\/a><\/li>\n\n\n\n<li>Henkil\u00f6kuva, Mika Lehkosuo (2020): <a href=\"https:\/\/juusokokkonen.fi\/wp-content\/uploads\/2025\/07\/IMG_1975-scaled.jpg\" data-type=\"link\" data-id=\"https:\/\/juusokokkonen.fi\/wp-content\/uploads\/2025\/07\/IMG_1975-scaled.jpg\">Mies suomalaisesta pystymets\u00e4st\u00e4<\/a><\/li>\n\n\n\n<li>Henkil\u00f6kuva, Pekka Virta (2020): <a href=\"https:\/\/juusokokkonen.fi\/wp-content\/uploads\/2025\/07\/IMG_1974-scaled.jpg\" data-type=\"link\" data-id=\"https:\/\/juusokokkonen.fi\/wp-content\/uploads\/2025\/07\/IMG_1974-scaled.jpg\">Kovan kuoren s\u00e4rkij\u00e4<\/a><\/li>\n\n\n\n<li>Artikkeli (2021): <a href=\"https:\/\/elmotv.com\/petteri-sihvonen-tulkitsee-meidan-pelia-vaarin-ja-tavalla-jossa-koko-jaakiekon-logiikka-ontuu\/\" data-type=\"link\" data-id=\"https:\/\/elmotv.com\/petteri-sihvonen-tulkitsee-meidan-pelia-vaarin-ja-tavalla-jossa-koko-jaakiekon-logiikka-ontuu\/\">Petteri Sihvonen tulkitsee Meid\u00e4n peli\u00e4 v\u00e4\u00e4rin ja tavalla, jossa koko j\u00e4\u00e4kiekon logiikka ontuu<\/a><\/li>\n<\/ul>\n\n\n\n<hr class=\"wp-block-separator has-alpha-channel-opacity\"\/>\n\n\n\n<h6 class=\"wp-block-heading\">Jatkoaika.com:<\/h6>\n\n\n\n<ul class=\"wp-block-list\">\n<li>Reportaasi Pyeongchangin olympialaisissa (2018): <a href=\"https:\/\/www.jatkoaika.com\/Artikkeli\/reportaasi-paikalliset-tutustuvat-j\u00e4\u00e4kiekkoon-en-oikein-tied\u00e4-edes-s\u00e4\u00e4nt\u00f6j\u00e4\/198784\" data-type=\"link\" data-id=\"https:\/\/www.jatkoaika.com\/Artikkeli\/reportaasi-paikalliset-tutustuvat-j\u00e4\u00e4kiekkoon-en-oikein-tied\u00e4-edes-s\u00e4\u00e4nt\u00f6j\u00e4\/198784\">Paikalliset tutustuvat j\u00e4\u00e4kiekkoon \u2013 &#8221;En oikein edes tied\u00e4 s\u00e4\u00e4nt\u00f6j\u00e4&#8221;<\/a><\/li>\n\n\n\n<li>Pelaaja-analyysi (2018): <a href=\"https:\/\/www.jatkoaika.com\/Artikkeli\/analyysi-sebastian-aho-tuo-nerokkaasti-jalkapalloa-j\u00e4\u00e4kiekkoon\/201095\" data-type=\"link\" data-id=\"https:\/\/www.jatkoaika.com\/Artikkeli\/analyysi-sebastian-aho-tuo-nerokkaasti-jalkapalloa-j\u00e4\u00e4kiekkoon\/201095\">Sebastian Aho tuo nerokkaasti jalkapalloa j\u00e4\u00e4kiekkoon<\/a><\/li>\n\n\n\n<li>Tuomo Ruudun haastattelu U20-kisoissa Kanadassa (2019): <a href=\"https:\/\/www.jatkoaika.com\/Haastattelu\/Keltanokka-Tuomo-Ruutu-tuo-oman-persoonansa-Nuoriin-Leijoniin-Ei-minusta-tarvitse-tehd\u00e4-niin-isoa-numeroa\/207938\">Keltanokka Tuomo Ruutu tuo oman persoonansa Nuoriin Leijoniin: &#8221;Ei minusta tarvitse tehd\u00e4 niin isoa numeroa&#8221;&nbsp;<\/a><\/li>\n\n\n\n<li>Feature-essee, analyysi Jukka Jalosen Leijonista (2019): <a href=\"https:\/\/www.jatkoaika.com\/Artikkeli\/Juuso-Kokkosen-analyysi-Jukka-Jalonen-n\u00e4ytti-MM-kullallaan-valmentamisen-arvon-vaikka-kukaan-meist\u00e4-muista-ei-uskonut-Leijoniin\/211738\">Jukka Jalonen n\u00e4ytti MM-kullallaan valmentamisen arvon<\/a><\/li>\n\n\n\n<li>Feature-essee j\u00e4\u00e4kiekon tulevaisuudesta muuttuvassa yhteiskunnassa (2020): <a href=\"https:\/\/www.jatkoaika.com\/Artikkeli\/Essee-2020-luku-haastaa-j\u00e4\u00e4kiekon-ennenn\u00e4kem\u00e4tt\u00f6m\u00e4sti-%E2%88%92-Nykyisell\u00e4\u00e4n-laji-j\u00e4\u00e4-Suomessa-yhden-aikakauden-supertuotteeksi\/218205\">2020-luku haastaa j\u00e4\u00e4kiekkoa ennenn\u00e4kem\u00e4tt\u00f6m\u00e4ll\u00e4 tavalla<\/a><\/li>\n\n\n\n<li>Kolumni koronapolitiikasta (2021): <a href=\"https:\/\/www.jatkoaika.com\/Artikkeli\/Koronapandemian-maali-h\u00e4\u00e4m\u00f6tt\u00e4\u00e4-Liiga-seuroille-mutta-julistamiseen-ei-pid\u00e4-sortua\/235534\" data-type=\"link\" data-id=\"https:\/\/www.jatkoaika.com\/Artikkeli\/Koronapandemian-maali-h\u00e4\u00e4m\u00f6tt\u00e4\u00e4-Liiga-seuroille-mutta-julistamiseen-ei-pid\u00e4-sortua\/235534\">Koronapandemian maali h\u00e4\u00e4m\u00f6tt\u00e4\u00e4 Liiga-seuroille, mutta julistamiseen ei pid\u00e4 sortua<\/a><\/li>\n<\/ul>\n\n\n\n<hr class=\"wp-block-separator has-alpha-channel-opacity\"\/>\n\n\n\n<h6 class=\"wp-block-heading\">Ruotuv\u00e4ki:<\/h6>\n\n\n\n<ul class=\"wp-block-list\">\n<li>Kolumni, ampumisen ja tappamisen filosofiasta (2017): <a href=\"https:\/\/ruotuvaki.fi\/-\/ei-intissa-huviksi-raiskita\" data-type=\"link\" data-id=\"https:\/\/ruotuvaki.fi\/-\/ei-intissa-huviksi-raiskita\">Ei intiss\u00e4 huviksi r\u00e4iskit\u00e4<\/a><\/li>\n\n\n\n<li>Kolumni asevoimien olemassaolon perusteista (2017): <a href=\"https:\/\/ruotuvaki.fi\/-\/valttamattomyys-ei-tee-asevoimista-hienoa\" data-type=\"link\" data-id=\"https:\/\/ruotuvaki.fi\/-\/valttamattomyys-ei-tee-asevoimista-hienoa\">V\u00e4ltt\u00e4m\u00e4tt\u00f6myys ei tee asevoimista hienoa<\/a><\/li>\n\n\n\n<li>Reportaasi uusista johtamisopeista Puolustusvoimissa (2017): <a href=\"https:\/\/juusokokkonen.fi\/wp-content\/uploads\/2025\/07\/2017_RuotuvakiPorin-prikaati_PDF.pdf\">Porin prikaatissa johdetaan ihmist\u00e4<\/a><\/li>\n<\/ul>\n\n\n\n<hr class=\"wp-block-separator has-alpha-channel-opacity\"\/>\n\n\n\n<h6 class=\"wp-block-heading\">Julkaisemattomia:<\/h6>\n\n\n\n<ul class=\"wp-block-list\">\n<li>Kolumni Liigaseurojen koronapassik\u00e4yt\u00e4nn\u00f6ist\u00e4 (2021): <a href=\"https:\/\/juusokokkonen.fi\/wp-content\/uploads\/2025\/07\/Liigakoronapassi-1.pdf\" data-type=\"link\" data-id=\"https:\/\/juusokokkonen.fi\/wp-content\/uploads\/2025\/07\/Liigakoronapassi-1.pdf\">Liigaseurat ottavat mukisematta koronapassit k\u00e4ytt\u00f6\u00f6ns\u00e4, mik\u00e4 kertoo yhteiskunnan lamaantumisesta<\/a><\/li>\n\n\n\n<li>Analyysi Tomi L\u00e4ms\u00e4n U20-Leijonista (2023): <a href=\"https:\/\/juusokokkonen.fi\/wp-content\/uploads\/2025\/07\/Nuoret-Leijonat-Juuso-Kokkonen-3.1.2023.pdf\" data-type=\"link\" data-id=\"https:\/\/juusokokkonen.fi\/wp-content\/uploads\/2025\/07\/Nuoret-Leijonat-Juuso-Kokkonen-3.1.2023.pdf\">Tomi L\u00e4ms\u00e4n Nuoret Leijonat oli keskinkertainen kyh\u00e4elm\u00e4 mutta ei katastrofi<\/a><\/li>\n\n\n\n<li>Filosofinen kolumni HJK:n valmentajapolitiikasta (2025): <a href=\"https:\/\/juusokokkonen.fi\/wp-content\/uploads\/2025\/07\/HJK-artikkeli.pdf\" data-type=\"link\" data-id=\"https:\/\/juusokokkonen.fi\/wp-content\/uploads\/2025\/07\/HJK-artikkeli.pdf\">Tragedian kauneus: HJK kulkee samaa polkua kuin viime syksyn Huuhkajat<\/a><\/li>\n<\/ul>\n\n\n\n<hr class=\"wp-block-separator has-alpha-channel-opacity\"\/>\n\n\n\n<h6 class=\"wp-block-heading\">Muita julkaisuja:<\/h6>\n\n\n\n<ul class=\"wp-block-list\">\n<li><a href=\"https:\/\/www.theseus.fi\/handle\/10024\/347409\">Pajam\u00e4en Pallo-Veikot \u2013 Seurakehitysprojektin toteuttaminen<\/a> (AMK opinn\u00e4ytety\u00f6 2020)<\/li>\n\n\n\n<li><a href=\"https:\/\/www.ppv.fi\/api\/documents\/download\/18225\">Pajam\u00e4en Pallo-Veikot ry:n 50-vuotisjuhlalehden<\/a> toimittaminen (2019)<\/li>\n\n\n\n<li><a href=\"https:\/\/www.ppv.fi\/api\/documents\/download\/17034\">Valmennusopas- ja -linja<\/a> (Pajam\u00e4en Pallo-Veikot, 2018)<\/li>\n<\/ul>\n\n\n\n<hr class=\"wp-block-separator has-alpha-channel-opacity\"\/>\n\n\n\n<p><\/p>\n","protected":false},"excerpt":{"rendered":"<p>Muualla julkaistuja artikkeleita, kolumneja ym. kirjoituksia: J\u00e4\u00e4kiekko- ja urheiluaiheisia tekstej\u00e4 julkaisen Kuollut kulma -blogissa. Podcasteja Liikunta &amp; Tiede Jylkk\u00e4ri Warkauden Lehti: Eliteprospects Rinkside Suomi ELMO-lehti: Jatkoaika.com: Ruotuv\u00e4ki: Julkaisemattomia: Muita julkaisuja:<\/p>\n","protected":false},"author":2,"featured_media":0,"parent":0,"menu_order":0,"comment_status":"closed","ping_status":"closed","template":"","meta":{"footnotes":""},"class_list":["post-688","page","type-page","status-publish","hentry"],"_links":{"self":[{"href":"https:\/\/juusokokkonen.fi\/index.php\/wp-json\/wp\/v2\/pages\/688","targetHints":{"allow":["GET"]}}],"collection":[{"href":"https:\/\/juusokokkonen.fi\/index.php\/wp-json\/wp\/v2\/pages"}],"about":[{"href":"https:\/\/juusokokkonen.fi\/index.php\/wp-json\/wp\/v2\/types\/page"}],"author":[{"embeddable":true,"href":"https:\/\/juusokokkonen.fi\/index.php\/wp-json\/wp\/v2\/users\/2"}],"replies":[{"embeddable":true,"href":"https:\/\/juusokokkonen.fi\/index.php\/wp-json\/wp\/v2\/comments?post=688"}],"version-history":[{"count":21,"href":"https:\/\/juusokokkonen.fi\/index.php\/wp-json\/wp\/v2\/pages\/688\/revisions"}],"predecessor-version":[{"id":857,"href":"https:\/\/juusokokkonen.fi\/index.php\/wp-json\/wp\/v2\/pages\/688\/revisions\/857"}],"wp:attachment":[{"href":"https:\/\/juusokokkonen.fi\/index.php\/wp-json\/wp\/v2\/media?parent=688"}],"curies":[{"name":"wp","href":"https:\/\/api.w.org\/{rel}","templated":true}]}}